{"id":282,"date":"2016-12-15T06:16:11","date_gmt":"2016-12-15T06:16:11","guid":{"rendered":"https:\/\/raratheme.com\/preview\/bakes-and-cakes\/?page_id=282"},"modified":"2024-02-26T09:35:35","modified_gmt":"2024-02-26T06:35:35","slug":"contact","status":"publish","type":"page","link":"https:\/\/fidanpatisserie.com\/index.php\/contact\/","title":{"rendered":"Contact"},"content":{"rendered":"<h1 style=\"text-align: center;\"><u><span style=\"color: #ff0000;\"><strong>MERKEZ \u015eUBE<\/strong><\/span><\/u><\/h1>\n<h4 style=\"text-align: center;\"><strong>Adres: H\u00fcsrevpa\u015fa Mah. \u00c7am Sitesi B\u0130TL\u0130S<br \/>\nTelefon: 0434 228 70 71<\/strong><\/h4>\n<h1 style=\"text-align: center;\"><u><br \/>\n<span style=\"color: #ff0000;\"><strong>\u015eUBE-1<\/strong><\/span><\/u><\/h1>\n<h4 style=\"text-align: center;\"><strong>Adres: H\u00fcsrevpa\u015fa Mah. TOK\u0130 302 Evler<br \/>\nAlt\u0131 B\u0130TL\u0130S<br \/>\nTelefon: 0434 502 00 72<\/strong><\/h4>\n<h1 style=\"text-align: center;\"><u><br \/>\n<span style=\"color: #ff0000;\"><strong>\u015eUBE-2<\/strong><\/span><\/u><\/h1>\n<h4 style=\"text-align: center;\"><strong>Adres: Be\u015fminare Mah. 1.Etap TOK\u0130 Giri\u015fi<br \/>\neren \u00dcniversitesi Kar\u015f\u0131s\u0131 B\u0130TL\u0130S<br \/>\nTelefon: 0.545 963 77 97<\/strong><\/h4>\n<h1 style=\"text-align: center;\"><u><br \/>\n<span style=\"color: #ff0000;\"><strong>\u015eUBE-3<\/strong><\/span><\/u><\/h1>\n<h4 style=\"text-align: center;\"><strong>Adres: Cumhuriyet Caddesi TATVAN<br \/>\nTelefon: 0434 828 13 62<br \/>\nGsm: 0506 030 80 13<\/strong><\/h4>\n<p style=\"text-align: center;\">&nbsp;<\/p>\n<p style=\"text-align: center;\">&nbsp;<\/p>\n","protected":false},"excerpt":{"rendered":"<p>MERKEZ \u015eUBE Adres: H\u00fcsrevpa\u015fa Mah. \u00c7am Sitesi B\u0130TL\u0130S Telefon: 0434 228 70 71 \u015eUBE-1 Adres: H\u00fcsrevpa\u015fa Mah. TOK\u0130 302 Evler Alt\u0131 B\u0130TL\u0130S Telefon: 0434 502 00 72 \u015eUBE-2 Adres: Be\u015fminare Mah. 1.Etap TOK\u0130 Giri\u015fi eren \u00dcniversitesi Kar\u015f\u0131s\u0131 B\u0130TL\u0130S Telefon: 0.545 963 77 97 \u015eUBE-3 Adres: Cumhuriyet Caddesi TATVAN Telefon: 0434 &hellip; <\/p>\n","protected":false},"author":1,"featured_media":0,"parent":0,"menu_order":0,"comment_status":"closed","ping_status":"closed","template":"","meta":{"ngg_post_thumbnail":0},"_links":{"self":[{"href":"https:\/\/fidanpatisserie.com\/index.php\/wp-json\/wp\/v2\/pages\/282"}],"collection":[{"href":"https:\/\/fidanpatisserie.com\/index.php\/wp-json\/wp\/v2\/pages"}],"about":[{"href":"https:\/\/fidanpatisserie.com\/index.php\/wp-json\/wp\/v2\/types\/page"}],"author":[{"embeddable":true,"href":"https:\/\/fidanpatisserie.com\/index.php\/wp-json\/wp\/v2\/users\/1"}],"replies":[{"embeddable":true,"href":"https:\/\/fidanpatisserie.com\/index.php\/wp-json\/wp\/v2\/comments?post=282"}],"version-history":[{"count":2,"href":"https:\/\/fidanpatisserie.com\/index.php\/wp-json\/wp\/v2\/pages\/282\/revisions"}],"predecessor-version":[{"id":535,"href":"https:\/\/fidanpatisserie.com\/index.php\/wp-json\/wp\/v2\/pages\/282\/revisions\/535"}],"wp:attachment":[{"href":"https:\/\/fidanpatisserie.com\/index.php\/wp-json\/wp\/v2\/media?parent=282"}],"curies":[{"name":"wp","href":"https:\/\/api.w.org\/{rel}","templated":true}]}}