{"id":466,"date":"2023-11-03T15:43:31","date_gmt":"2023-11-03T12:43:31","guid":{"rendered":"https:\/\/fidanpatisserie.com\/?page_id=466"},"modified":"2023-11-03T16:16:51","modified_gmt":"2023-11-03T13:16:51","slug":"fotograf-galerisi","status":"publish","type":"page","link":"https:\/\/fidanpatisserie.com\/index.php\/fotograf-galerisi\/","title":{"rendered":"Foto\u011fraf Galerisi"},"content":{"rendered":"<div class=\"ngg-albumoverview default-view\">\n            <div class=\"ngg-album-compact\">\n            <div class=\"ngg-album-compactbox\">\n                <div class=\"ngg-album-link\">\n                                                                            <\/div>\n            <\/div>\n                        <h4>\n                <a class='ngg-album-desc' title='Fidan Patisserie'\n                       href='https:\/\/fidanpatisserie.com\/index.php\/fotograf-galerisi\/'style=\"max-width: 260px\">Fidan Patisserie<\/a>\n            <\/h4>\n            <p class=\"ngg-album-gallery-image-counter\">\n                                    &nbsp;\n                            <\/p>\n        <\/div>\n            <div class=\"ngg-album-compact\">\n            <div class=\"ngg-album-compactbox\">\n                <div class=\"ngg-album-link\">\n                                                                <a title='Kahvalt\u0131 \u00c7e\u015fitleri'\n                       href='https:\/\/fidanpatisserie.com\/index.php\/fotograf-galerisi\/nggallery\/kahvalti-cesitleri'>\n                            <img class=\"Thumb\"\n                                 alt=\"Kahvalt\u0131 \u00c7e\u015fitleri\"\n                                 src=\"\"\/>\n                        <\/a>\n                                                        <\/div>\n            <\/div>\n                        <h4>\n                <a class='ngg-album-desc' title='Kahvalt\u0131 \u00c7e\u015fitleri'\n                       href='https:\/\/fidanpatisserie.com\/index.php\/fotograf-galerisi\/nggallery\/kahvalti-cesitleri'style=\"max-width: 260px\">Kahvalt\u0131 \u00c7e\u015fitleri<\/a>\n            <\/h4>\n            <p class=\"ngg-album-gallery-image-counter\">\n                                    &nbsp;\n                            <\/p>\n        <\/div>\n            <div class=\"ngg-album-compact\">\n            <div class=\"ngg-album-compactbox\">\n                <div class=\"ngg-album-link\">\n                                                                <a title='Yemek \u00c7e\u015fitleri'\n                       href='https:\/\/fidanpatisserie.com\/index.php\/fotograf-galerisi\/nggallery\/yemek-cesitleri'>\n                            <img class=\"Thumb\"\n                                 alt=\"Yemek \u00c7e\u015fitleri\"\n                                 src=\"\"\/>\n                        <\/a>\n                                                        <\/div>\n            <\/div>\n                        <h4>\n                <a class='ngg-album-desc' title='Yemek \u00c7e\u015fitleri'\n                       href='https:\/\/fidanpatisserie.com\/index.php\/fotograf-galerisi\/nggallery\/yemek-cesitleri'style=\"max-width: 260px\">Yemek \u00c7e\u015fitleri<\/a>\n            <\/h4>\n            <p class=\"ngg-album-gallery-image-counter\">\n                                    &nbsp;\n                            <\/p>\n        <\/div>\n        <br class=\"ngg-clear\"\/>\n    <div class='ngg-clear'><\/div><\/div>\n\n","protected":false},"excerpt":{"rendered":"","protected":false},"author":1,"featured_media":0,"parent":0,"menu_order":0,"comment_status":"closed","ping_status":"closed","template":"","meta":{"ngg_post_thumbnail":0},"_links":{"self":[{"href":"https:\/\/fidanpatisserie.com\/index.php\/wp-json\/wp\/v2\/pages\/466"}],"collection":[{"href":"https:\/\/fidanpatisserie.com\/index.php\/wp-json\/wp\/v2\/pages"}],"about":[{"href":"https:\/\/fidanpatisserie.com\/index.php\/wp-json\/wp\/v2\/types\/page"}],"author":[{"embeddable":true,"href":"https:\/\/fidanpatisserie.com\/index.php\/wp-json\/wp\/v2\/users\/1"}],"replies":[{"embeddable":true,"href":"https:\/\/fidanpatisserie.com\/index.php\/wp-json\/wp\/v2\/comments?post=466"}],"version-history":[{"count":6,"href":"https:\/\/fidanpatisserie.com\/index.php\/wp-json\/wp\/v2\/pages\/466\/revisions"}],"predecessor-version":[{"id":489,"href":"https:\/\/fidanpatisserie.com\/index.php\/wp-json\/wp\/v2\/pages\/466\/revisions\/489"}],"wp:attachment":[{"href":"https:\/\/fidanpatisserie.com\/index.php\/wp-json\/wp\/v2\/media?parent=466"}],"curies":[{"name":"wp","href":"https:\/\/api.w.org\/{rel}","templated":true}]}}